{"id":28,"date":"2015-04-30T15:17:24","date_gmt":"2015-04-30T14:17:24","guid":{"rendered":"https:\/\/www.chateaulafrance.com\/?page_id=28"},"modified":"2026-01-15T16:31:17","modified_gmt":"2026-01-15T15:31:17","slug":"mentions-legales","status":"publish","type":"page","link":"https:\/\/www.chateaulafrance.com\/en\/mentions-legales\/","title":{"rendered":"Legal Notice"},"content":{"rendered":"<p><\/p>\n<h2>Informations g\u00e9n\u00e9rales<\/h2>\n<p><strong>S.C.A. Ch\u00e2teau la France<\/strong><\/p>\n<p>Adresse : <span class=\"w8qArf FoJoyf\">\u00a01 Route de Foss\u00e9s Longues, 33750 Beychac-et-Caillau \u2022 France<br \/>\n<\/span><\/p>\n<p>Capital social : 7 000 000,00\u00a0\u20ac<\/p>\n<p>Immatriculation : R.C.S de Bordeaux<\/p>\n<p>N\u00b0 SIREN : 318 800 935<\/p>\n<p>N\u00b0 SIRET : 318 800 935 00013<\/p>\n<p>N\u00b0 TVA intracommunautaire : FR83318800935<\/p>\n<p>Formulaire de contact accessible sous le lien \u00ab\u00a0CONTACT\u00a0\u00bb en t\u00eate de page<\/p>\n<p>Num\u00e9ro de t\u00e9l\u00e9phone : 05 57 55 24 10<\/p>\n<p>Adresse mail : contact@chateaulafrance.com<\/p>\n<h2 data-start=\"26\" data-end=\"47\"><strong data-start=\"26\" data-end=\"47\">Moderation Advice<\/strong><\/h2>\n<p data-start=\"49\" data-end=\"173\">Alcohol abuse is dangerous to your health. The wines presented on this website are to be enjoyed and consumed in moderation.<\/p>\n<p data-start=\"175\" data-end=\"344\" data-is-last-node=\"\" data-is-only-node=\"\">Access to this website is restricted to persons who are legally permitted to consume alcoholic beverages in countries where the consumption of such beverages is allowed.<\/p>\n<h2>Droits d\u2019auteur et propri\u00e9t\u00e9 intellectuelle<\/h2>\n<p>L\u2019ensemble de ce site rel\u00e8ve de la l\u00e9gislation fran\u00e7aise et internationale sur les droits d\u2019auteur et la propri\u00e9t\u00e9 intellectuelle. Tous les droits de reproduction sont r\u00e9serv\u00e9s. La reproduction de tout ou partie de ce site sur quelque support que ce soit est formellement interdite sauf autorisation expresse et pr\u00e9alable du directeur de la publication. La reproduction des textes de ce site sur un support papier est autoris\u00e9e, sous r\u00e9serve du respect des conditions suivantes : gratuit\u00e9 de la diffusion, respect de l\u2019int\u00e9grit\u00e9 des documents reproduits : pas de modification ni alt\u00e9ration d\u2019aucune sorte, citation claire et lisible de la source.<\/p>\n<h2>Traitement des donn\u00e9es personnelles<\/h2>\n<p>Les informations recueillies aupr\u00e8s des personnes par le biais des formulaires de contact, par l\u2019envoi de messages \u00e9lectroniques, ou via des outils de mesure d\u2019audience sont destin\u00e9es exclusivement \u00e0 l\u2019usage de ce site Internet. Elles ne sont en aucun cas communiqu\u00e9es \u00e0 des tiers. Conform\u00e9ment aux articles 39 et suivants de la loi n\u00b0 78-17 du 6 janvier 1978 relative \u00e0 l\u2019informatique, aux fichiers et aux libert\u00e9s, toute personne peut obtenir communication et, le cas \u00e9ch\u00e9ant, rectification ou suppression des informations la concernant, en s\u2019adressant au directeur de publication. Toute personne peut \u00e9galement, pour des motifs l\u00e9gitimes, s\u2019opposer au traitement des donn\u00e9es la concernant.<\/p>\n<h2>Cookies et vie priv\u00e9e<\/h2>\n<p>Pour le bon fonctionnement de ce site Internet, certains <em>cookies<\/em> peuvent-\u00eatre install\u00e9s sur votre terminal. Ces <em>cookies<\/em> ne sont pas utilis\u00e9s \u00e0 des fins commerciales, mais exclusivement pour vous permettre de naviguer convenablement sur ce site Internet (m\u00e9moriser votre r\u00e9solution d\u2019affichage, le syst\u00e8me d\u2019exploitation\u2026). Ces <em>cookies<\/em> ont une dur\u00e9e de vie de quelques heures uniquement, et ne sont pas vou\u00e9s \u00e0 \u00eatre stock\u00e9s ind\u00e9finiment sur votre terminal. Pour votre information, ce site Internet utilise un outil de mesure d\u2019audience, <a title=\"Google Analytics\" href=\"http:\/\/www.google.com\/analytics\/\" target=\"_blank\" rel=\"noopener noreferrer\">Google Analytics<\/a>, qui peut n\u00e9cessiter l\u2019installation de <em>cookies<\/em> sur votre terminal. Ces <em>cookies<\/em> sont utilis\u00e9s exclusivement \u00e0 titre de mesures statistiques de ce site Internet (volume de fr\u00e9quentation, pages visit\u00e9es, origine g\u00e9ographique de l\u2019internaute\u2026).<\/p>\n<h2>Conception du site Internet et H\u00e9bergement<\/h2>\n<p><strong>REZO 21, cr\u00e9ateur de sites Internet<\/strong> <br \/>\nLes Pyramides,<br \/>\n4 route de Pitoys,<br \/>\n64600 Anglet <br \/>\nT\u00e9l. : 05 59 20 89 97 et 06 03 54 07 30 <br \/>\nFax : 08 11 38 46 68 <br \/>\nAdresse e-mail : <a href=\"mailto:contact@rezo21.net\">contact@rezo21.net<\/a><\/p>\n<p>&nbsp;<\/p>\n<p><\/p>","protected":false},"excerpt":{"rendered":"<p>Informations g\u00e9n\u00e9rales S.C.A. Ch\u00e2teau la France Adresse : \u00a01 Route de Foss\u00e9s Longues, 33750 Beychac-et-Caillau \u2022 France Capital social : 7 000 000,00\u00a0\u20ac Immatriculation : R.C.S de Bordeaux N\u00b0 SIREN : 318 800 935 N\u00b0 SIRET : 318 800 935 [&hellip;]<\/p>\n","protected":false},"author":1,"featured_media":0,"parent":0,"menu_order":0,"comment_status":"open","ping_status":"open","template":"","meta":{"_acf_changed":false,"footnotes":""},"class_list":["post-28","page","type-page","status-publish","hentry"],"acf":[],"yoast_head":"<!-- This site is optimized with the Yoast SEO plugin v27.3 - https:\/\/yoast.com\/product\/yoast-seo-wordpress\/ -->\n<title>Legal Notice - Ch\u00e2teau La France<\/title>\n<meta name=\"robots\" content=\"index, follow, max-snippet:-1, max-image-preview:large, max-video-preview:-1\" \/>\n<link rel=\"canonical\" href=\"https:\/\/www.chateaulafrance.com\/en\/mentions-legales\/\" \/>\n<meta property=\"og:locale\" content=\"en_US\" \/>\n<meta property=\"og:type\" content=\"article\" \/>\n<meta property=\"og:title\" content=\"Legal Notice - Ch\u00e2teau La France\" \/>\n<meta property=\"og:description\" content=\"Informations g\u00e9n\u00e9rales S.C.A. Ch\u00e2teau la France Adresse : \u00a01 Route de Foss\u00e9s Longues, 33750 Beychac-et-Caillau \u2022 France Capital social : 7 000 000,00\u00a0\u20ac Immatriculation : R.C.S de Bordeaux N\u00b0 SIREN : 318 800 935 N\u00b0 SIRET : 318 800 935 [&hellip;]\" \/>\n<meta property=\"og:url\" content=\"https:\/\/www.chateaulafrance.com\/en\/mentions-legales\/\" \/>\n<meta property=\"og:site_name\" content=\"Ch\u00e2teau La France\" \/>\n<meta property=\"article:modified_time\" content=\"2026-01-15T15:31:17+00:00\" \/>\n<meta name=\"twitter:card\" content=\"summary_large_image\" \/>\n<meta name=\"twitter:label1\" content=\"Est. reading time\" \/>\n\t<meta name=\"twitter:data1\" content=\"3 minutes\" \/>\n<script type=\"application\/ld+json\" class=\"yoast-schema-graph\">{\"@context\":\"https:\\\/\\\/schema.org\",\"@graph\":[{\"@type\":\"WebPage\",\"@id\":\"https:\\\/\\\/www.chateaulafrance.com\\\/en\\\/mentions-legales\\\/\",\"url\":\"https:\\\/\\\/www.chateaulafrance.com\\\/en\\\/mentions-legales\\\/\",\"name\":\"Legal Notice - Ch\u00e2teau La France\",\"isPartOf\":{\"@id\":\"https:\\\/\\\/www.chateaulafrance.com\\\/en\\\/#website\"},\"datePublished\":\"2015-04-30T14:17:24+00:00\",\"dateModified\":\"2026-01-15T15:31:17+00:00\",\"breadcrumb\":{\"@id\":\"https:\\\/\\\/www.chateaulafrance.com\\\/en\\\/mentions-legales\\\/#breadcrumb\"},\"inLanguage\":\"en-US\",\"potentialAction\":[{\"@type\":\"ReadAction\",\"target\":[[\"https:\\\/\\\/www.chateaulafrance.com\\\/en\\\/mentions-legales\\\/\"]]}]},{\"@type\":\"BreadcrumbList\",\"@id\":\"https:\\\/\\\/www.chateaulafrance.com\\\/en\\\/mentions-legales\\\/#breadcrumb\",\"itemListElement\":[{\"@type\":\"ListItem\",\"position\":1,\"name\":\"Accueil\",\"item\":\"https:\\\/\\\/www.chateaulafrance.com\\\/en\\\/\"},{\"@type\":\"ListItem\",\"position\":2,\"name\":\"Legal Notice\"}]},{\"@type\":\"WebSite\",\"@id\":\"https:\\\/\\\/www.chateaulafrance.com\\\/en\\\/#website\",\"url\":\"https:\\\/\\\/www.chateaulafrance.com\\\/en\\\/\",\"name\":\"Ch\u00e2teau La France\",\"description\":\"Une marque des Vignobles Mottet\",\"potentialAction\":[{\"@type\":\"SearchAction\",\"target\":{\"@type\":\"EntryPoint\",\"urlTemplate\":\"https:\\\/\\\/www.chateaulafrance.com\\\/en\\\/?s={search_term_string}\"},\"query-input\":{\"@type\":\"PropertyValueSpecification\",\"valueRequired\":true,\"valueName\":\"search_term_string\"}}],\"inLanguage\":\"en-US\"}]}<\/script>\n<!-- \/ Yoast SEO plugin. -->","yoast_head_json":{"title":"Legal Notice - Ch\u00e2teau La France","robots":{"index":"index","follow":"follow","max-snippet":"max-snippet:-1","max-image-preview":"max-image-preview:large","max-video-preview":"max-video-preview:-1"},"canonical":"https:\/\/www.chateaulafrance.com\/en\/mentions-legales\/","og_locale":"en_US","og_type":"article","og_title":"Legal Notice - Ch\u00e2teau La France","og_description":"Informations g\u00e9n\u00e9rales S.C.A. Ch\u00e2teau la France Adresse : \u00a01 Route de Foss\u00e9s Longues, 33750 Beychac-et-Caillau \u2022 France Capital social : 7 000 000,00\u00a0\u20ac Immatriculation : R.C.S de Bordeaux N\u00b0 SIREN : 318 800 935 N\u00b0 SIRET : 318 800 935 [&hellip;]","og_url":"https:\/\/www.chateaulafrance.com\/en\/mentions-legales\/","og_site_name":"Ch\u00e2teau La France","article_modified_time":"2026-01-15T15:31:17+00:00","twitter_card":"summary_large_image","twitter_misc":{"Est. reading time":"3 minutes"},"schema":{"@context":"https:\/\/schema.org","@graph":[{"@type":"WebPage","@id":"https:\/\/www.chateaulafrance.com\/en\/mentions-legales\/","url":"https:\/\/www.chateaulafrance.com\/en\/mentions-legales\/","name":"Legal Notice - Ch\u00e2teau La France","isPartOf":{"@id":"https:\/\/www.chateaulafrance.com\/en\/#website"},"datePublished":"2015-04-30T14:17:24+00:00","dateModified":"2026-01-15T15:31:17+00:00","breadcrumb":{"@id":"https:\/\/www.chateaulafrance.com\/en\/mentions-legales\/#breadcrumb"},"inLanguage":"en-US","potentialAction":[{"@type":"ReadAction","target":[["https:\/\/www.chateaulafrance.com\/en\/mentions-legales\/"]]}]},{"@type":"BreadcrumbList","@id":"https:\/\/www.chateaulafrance.com\/en\/mentions-legales\/#breadcrumb","itemListElement":[{"@type":"ListItem","position":1,"name":"Accueil","item":"https:\/\/www.chateaulafrance.com\/en\/"},{"@type":"ListItem","position":2,"name":"Legal Notice"}]},{"@type":"WebSite","@id":"https:\/\/www.chateaulafrance.com\/en\/#website","url":"https:\/\/www.chateaulafrance.com\/en\/","name":"Ch\u00e2teau La France","description":"Une marque des Vignobles Mottet","potentialAction":[{"@type":"SearchAction","target":{"@type":"EntryPoint","urlTemplate":"https:\/\/www.chateaulafrance.com\/en\/?s={search_term_string}"},"query-input":{"@type":"PropertyValueSpecification","valueRequired":true,"valueName":"search_term_string"}}],"inLanguage":"en-US"}]}},"_links":{"self":[{"href":"https:\/\/www.chateaulafrance.com\/en\/wp-json\/wp\/v2\/pages\/28","targetHints":{"allow":["GET"]}}],"collection":[{"href":"https:\/\/www.chateaulafrance.com\/en\/wp-json\/wp\/v2\/pages"}],"about":[{"href":"https:\/\/www.chateaulafrance.com\/en\/wp-json\/wp\/v2\/types\/page"}],"author":[{"embeddable":true,"href":"https:\/\/www.chateaulafrance.com\/en\/wp-json\/wp\/v2\/users\/1"}],"replies":[{"embeddable":true,"href":"https:\/\/www.chateaulafrance.com\/en\/wp-json\/wp\/v2\/comments?post=28"}],"version-history":[{"count":12,"href":"https:\/\/www.chateaulafrance.com\/en\/wp-json\/wp\/v2\/pages\/28\/revisions"}],"predecessor-version":[{"id":8587,"href":"https:\/\/www.chateaulafrance.com\/en\/wp-json\/wp\/v2\/pages\/28\/revisions\/8587"}],"wp:attachment":[{"href":"https:\/\/www.chateaulafrance.com\/en\/wp-json\/wp\/v2\/media?parent=28"}],"curies":[{"name":"wp","href":"https:\/\/api.w.org\/{rel}","templated":true}]}}