{"id":13,"date":"2015-04-30T15:03:45","date_gmt":"2015-04-30T14:03:45","guid":{"rendered":"https:\/\/www.chateaulafrance.com\/?page_id=13"},"modified":"2019-11-29T12:01:06","modified_gmt":"2019-11-29T11:01:06","slug":"plan-du-site","status":"publish","type":"page","link":"https:\/\/www.chateaulafrance.com\/en\/plan-du-site\/","title":{"rendered":"Sitemap"},"content":{"rendered":"<p>Cette page vous pr\u00e9sente le plan de ce site Internet. Vous pouvez trouver, ci-dessous, la liste de toutes les pages indispensables pour naviguer convenablement.<\/p>\n<h2>Pages internes<\/h2>\n\n<!-- Page-list plugin v.5.9 wordpress.org\/plugins\/page-list\/ -->\n<ul class=\"page-list \">\n<li class=\"page_item page-item-11\"><a href=\"https:\/\/www.chateaulafrance.com\/en\/\">Home<\/a><\/li>\n<li class=\"page_item page-item-6077\"><a href=\"https:\/\/www.chateaulafrance.com\/en\/evenementiel\/\">Events<\/a><\/li>\n<li class=\"page_item page-item-6148\"><a href=\"https:\/\/www.chateaulafrance.com\/en\/evenements-professionnels\/\">(Fran\u00e7ais) \u00c9v\u00e9nements Professionnels<\/a><\/li>\n<li class=\"page_item page-item-2318 page_item_has_children\"><a href=\"https:\/\/www.chateaulafrance.com\/en\/hebergement\/\">Accommodation<\/a>\n<ul class='children'>\n\t<li class=\"page_item page-item-2337\"><a href=\"https:\/\/www.chateaulafrance.com\/en\/hebergement\/chambres-dhotes\/\">Guest rooms<\/a><\/li>\n\t<li class=\"page_item page-item-2335\"><a href=\"https:\/\/www.chateaulafrance.com\/en\/hebergement\/gite-au-chateau\/\">Cottage at the ch\u00e2teau<\/a><\/li>\n\t<li class=\"page_item page-item-2339\"><a href=\"https:\/\/www.chateaulafrance.com\/en\/hebergement\/salle-de-reception\/\">Reception room<\/a><\/li>\n<\/ul>\n<\/li>\n<li class=\"page_item page-item-28\"><a href=\"https:\/\/www.chateaulafrance.com\/en\/mentions-legales\/\">Legal Notice<\/a><\/li>\n<li class=\"page_item page-item-2320\"><a href=\"https:\/\/www.chateaulafrance.com\/en\/nos-vins\/\">Our wines<\/a><\/li>\n<li class=\"page_item page-item-6085\"><a href=\"https:\/\/www.chateaulafrance.com\/en\/evenements-prives\/\">Your wedding in the heart of the vineyards<\/a><\/li>\n<li class=\"page_item page-item-13\"><a href=\"https:\/\/www.chateaulafrance.com\/en\/plan-du-site\/\">Sitemap<\/a><\/li>\n<li class=\"page_item page-item-2313\"><a href=\"https:\/\/www.chateaulafrance.com\/en\/propriete\/\">Property<\/a><\/li>\n<li class=\"page_item page-item-15\"><a href=\"https:\/\/www.chateaulafrance.com\/en\/contact\/\">Contact<\/a><\/li>\n\n<\/ul>\n","protected":false},"excerpt":{"rendered":"<p>Cette page vous pr\u00e9sente le plan de ce site Internet. Vous pouvez trouver, ci-dessous, la liste de toutes les pages indispensables pour naviguer convenablement. Pages internes<\/p>\n","protected":false},"author":1,"featured_media":0,"parent":0,"menu_order":0,"comment_status":"open","ping_status":"open","template":"","meta":{"_acf_changed":false,"footnotes":""},"class_list":["post-13","page","type-page","status-publish","hentry"],"acf":[],"yoast_head":"<!-- This site is optimized with the Yoast SEO plugin v27.4 - https:\/\/yoast.com\/product\/yoast-seo-wordpress\/ -->\n<title>Sitemap - Ch\u00e2teau La France<\/title>\n<meta name=\"robots\" content=\"index, follow, max-snippet:-1, max-image-preview:large, max-video-preview:-1\" \/>\n<link rel=\"canonical\" href=\"https:\/\/www.chateaulafrance.com\/en\/plan-du-site\/\" \/>\n<meta property=\"og:locale\" content=\"en_US\" \/>\n<meta property=\"og:type\" content=\"article\" \/>\n<meta property=\"og:title\" content=\"Sitemap - Ch\u00e2teau La France\" \/>\n<meta property=\"og:description\" content=\"Cette page vous pr\u00e9sente le plan de ce site Internet. Vous pouvez trouver, ci-dessous, la liste de toutes les pages indispensables pour naviguer convenablement. Pages internes\" \/>\n<meta property=\"og:url\" content=\"https:\/\/www.chateaulafrance.com\/en\/plan-du-site\/\" \/>\n<meta property=\"og:site_name\" content=\"Ch\u00e2teau La France\" \/>\n<meta property=\"article:modified_time\" content=\"2019-11-29T11:01:06+00:00\" \/>\n<meta name=\"twitter:card\" content=\"summary_large_image\" \/>\n<script type=\"application\/ld+json\" class=\"yoast-schema-graph\">{\"@context\":\"https:\\\/\\\/schema.org\",\"@graph\":[{\"@type\":\"WebPage\",\"@id\":\"https:\\\/\\\/www.chateaulafrance.com\\\/en\\\/plan-du-site\\\/\",\"url\":\"https:\\\/\\\/www.chateaulafrance.com\\\/en\\\/plan-du-site\\\/\",\"name\":\"Sitemap - Ch\u00e2teau La France\",\"isPartOf\":{\"@id\":\"https:\\\/\\\/www.chateaulafrance.com\\\/en\\\/#website\"},\"datePublished\":\"2015-04-30T14:03:45+00:00\",\"dateModified\":\"2019-11-29T11:01:06+00:00\",\"breadcrumb\":{\"@id\":\"https:\\\/\\\/www.chateaulafrance.com\\\/en\\\/plan-du-site\\\/#breadcrumb\"},\"inLanguage\":\"en-US\",\"potentialAction\":[{\"@type\":\"ReadAction\",\"target\":[[\"https:\\\/\\\/www.chateaulafrance.com\\\/en\\\/plan-du-site\\\/\"]]}]},{\"@type\":\"BreadcrumbList\",\"@id\":\"https:\\\/\\\/www.chateaulafrance.com\\\/en\\\/plan-du-site\\\/#breadcrumb\",\"itemListElement\":[{\"@type\":\"ListItem\",\"position\":1,\"name\":\"Accueil\",\"item\":\"https:\\\/\\\/www.chateaulafrance.com\\\/en\\\/\"},{\"@type\":\"ListItem\",\"position\":2,\"name\":\"Sitemap\"}]},{\"@type\":\"WebSite\",\"@id\":\"https:\\\/\\\/www.chateaulafrance.com\\\/en\\\/#website\",\"url\":\"https:\\\/\\\/www.chateaulafrance.com\\\/en\\\/\",\"name\":\"Ch\u00e2teau La France\",\"description\":\"Une marque des Vignobles Mottet\",\"potentialAction\":[{\"@type\":\"SearchAction\",\"target\":{\"@type\":\"EntryPoint\",\"urlTemplate\":\"https:\\\/\\\/www.chateaulafrance.com\\\/en\\\/?s={search_term_string}\"},\"query-input\":{\"@type\":\"PropertyValueSpecification\",\"valueRequired\":true,\"valueName\":\"search_term_string\"}}],\"inLanguage\":\"en-US\"}]}<\/script>\n<!-- \/ Yoast SEO plugin. -->","yoast_head_json":{"title":"Sitemap - Ch\u00e2teau La France","robots":{"index":"index","follow":"follow","max-snippet":"max-snippet:-1","max-image-preview":"max-image-preview:large","max-video-preview":"max-video-preview:-1"},"canonical":"https:\/\/www.chateaulafrance.com\/en\/plan-du-site\/","og_locale":"en_US","og_type":"article","og_title":"Sitemap - Ch\u00e2teau La France","og_description":"Cette page vous pr\u00e9sente le plan de ce site Internet. Vous pouvez trouver, ci-dessous, la liste de toutes les pages indispensables pour naviguer convenablement. Pages internes","og_url":"https:\/\/www.chateaulafrance.com\/en\/plan-du-site\/","og_site_name":"Ch\u00e2teau La France","article_modified_time":"2019-11-29T11:01:06+00:00","twitter_card":"summary_large_image","schema":{"@context":"https:\/\/schema.org","@graph":[{"@type":"WebPage","@id":"https:\/\/www.chateaulafrance.com\/en\/plan-du-site\/","url":"https:\/\/www.chateaulafrance.com\/en\/plan-du-site\/","name":"Sitemap - Ch\u00e2teau La France","isPartOf":{"@id":"https:\/\/www.chateaulafrance.com\/en\/#website"},"datePublished":"2015-04-30T14:03:45+00:00","dateModified":"2019-11-29T11:01:06+00:00","breadcrumb":{"@id":"https:\/\/www.chateaulafrance.com\/en\/plan-du-site\/#breadcrumb"},"inLanguage":"en-US","potentialAction":[{"@type":"ReadAction","target":[["https:\/\/www.chateaulafrance.com\/en\/plan-du-site\/"]]}]},{"@type":"BreadcrumbList","@id":"https:\/\/www.chateaulafrance.com\/en\/plan-du-site\/#breadcrumb","itemListElement":[{"@type":"ListItem","position":1,"name":"Accueil","item":"https:\/\/www.chateaulafrance.com\/en\/"},{"@type":"ListItem","position":2,"name":"Sitemap"}]},{"@type":"WebSite","@id":"https:\/\/www.chateaulafrance.com\/en\/#website","url":"https:\/\/www.chateaulafrance.com\/en\/","name":"Ch\u00e2teau La France","description":"Une marque des Vignobles Mottet","potentialAction":[{"@type":"SearchAction","target":{"@type":"EntryPoint","urlTemplate":"https:\/\/www.chateaulafrance.com\/en\/?s={search_term_string}"},"query-input":{"@type":"PropertyValueSpecification","valueRequired":true,"valueName":"search_term_string"}}],"inLanguage":"en-US"}]}},"_links":{"self":[{"href":"https:\/\/www.chateaulafrance.com\/en\/wp-json\/wp\/v2\/pages\/13","targetHints":{"allow":["GET"]}}],"collection":[{"href":"https:\/\/www.chateaulafrance.com\/en\/wp-json\/wp\/v2\/pages"}],"about":[{"href":"https:\/\/www.chateaulafrance.com\/en\/wp-json\/wp\/v2\/types\/page"}],"author":[{"embeddable":true,"href":"https:\/\/www.chateaulafrance.com\/en\/wp-json\/wp\/v2\/users\/1"}],"replies":[{"embeddable":true,"href":"https:\/\/www.chateaulafrance.com\/en\/wp-json\/wp\/v2\/comments?post=13"}],"version-history":[{"count":3,"href":"https:\/\/www.chateaulafrance.com\/en\/wp-json\/wp\/v2\/pages\/13\/revisions"}],"predecessor-version":[{"id":2359,"href":"https:\/\/www.chateaulafrance.com\/en\/wp-json\/wp\/v2\/pages\/13\/revisions\/2359"}],"wp:attachment":[{"href":"https:\/\/www.chateaulafrance.com\/en\/wp-json\/wp\/v2\/media?parent=13"}],"curies":[{"name":"wp","href":"https:\/\/api.w.org\/{rel}","templated":true}]}}