{"id":11,"date":"2015-04-30T15:03:39","date_gmt":"2015-04-30T14:03:39","guid":{"rendered":"https:\/\/www.chateaulafrance.com\/?page_id=11"},"modified":"2026-01-16T10:57:18","modified_gmt":"2026-01-16T09:57:18","slug":"accueil","status":"publish","type":"page","link":"https:\/\/www.chateaulafrance.com\/en\/","title":{"rendered":"Home"},"content":{"rendered":"<p><\/p>\n<p>Ch\u00e2teau La France is one of the largest estates in the Bordeaux region, boasting 90 hectares (222 acres) in a single block.<\/p>\n<p>68 hectares of the 78 under production are classified AOC Bordeaux Sup\u00e9rieur rouge (red) and the remaining 10 hectares AOC Bordeaux Blanc Sec (dry white).<\/p>\n<p>Traditional methods are combined with the most up-to-date techniques both in the vineyard and in the cellars, in order to express the very best of our \u201cterroir\u201d.<\/p>\n<p><strong data-start=\"205\" data-end=\"261\">PUBLIC HEALTH CODE, Articles L. 3342-1 and L. 3353-3<\/strong><br data-start=\"261\" data-end=\"264\" \/><br \/>\nAlcohol abuse is harmful to health. Please consume in moderation.<\/p>\n<p><\/p>","protected":false},"excerpt":{"rendered":"<p>Ch\u00e2teau La France is one of the largest estates in the Bordeaux region, boasting 90 hectares (222 acres) in a single block. 68 hectares of the 78 under production are classified AOC Bordeaux Sup\u00e9rieur rouge (red) and the remaining 10 [&hellip;]<\/p>\n","protected":false},"author":1,"featured_media":0,"parent":0,"menu_order":0,"comment_status":"open","ping_status":"open","template":"","meta":{"_acf_changed":false,"footnotes":""},"class_list":["post-11","page","type-page","status-publish","hentry"],"acf":[],"yoast_head":"<!-- This site is optimized with the Yoast SEO plugin v27.5 - https:\/\/yoast.com\/product\/yoast-seo-wordpress\/ -->\n<title>Ch\u00e2teau La France - Vignoble et r\u00e9ceptions<\/title>\n<meta name=\"robots\" content=\"index, follow, max-snippet:-1, max-image-preview:large, max-video-preview:-1\" \/>\n<link rel=\"canonical\" href=\"https:\/\/www.chateaulafrance.com\/en\/\" \/>\n<meta property=\"og:locale\" content=\"en_US\" \/>\n<meta property=\"og:type\" content=\"article\" \/>\n<meta property=\"og:title\" content=\"Ch\u00e2teau La France - Vignoble et r\u00e9ceptions\" \/>\n<meta property=\"og:description\" content=\"Ch\u00e2teau La France is one of the largest estates in the Bordeaux region, boasting 90 hectares (222 acres) in a single block. 68 hectares of the 78 under production are classified AOC Bordeaux Sup\u00e9rieur rouge (red) and the remaining 10 [&hellip;]\" \/>\n<meta property=\"og:url\" content=\"https:\/\/www.chateaulafrance.com\/en\/\" \/>\n<meta property=\"og:site_name\" content=\"Ch\u00e2teau La France\" \/>\n<meta property=\"article:modified_time\" content=\"2026-01-16T09:57:18+00:00\" \/>\n<meta name=\"twitter:card\" content=\"summary_large_image\" \/>\n<meta name=\"twitter:label1\" content=\"Est. reading time\" \/>\n\t<meta name=\"twitter:data1\" content=\"1 minute\" \/>\n<script type=\"application\/ld+json\" class=\"yoast-schema-graph\">{\"@context\":\"https:\\\/\\\/schema.org\",\"@graph\":[{\"@type\":\"WebPage\",\"@id\":\"https:\\\/\\\/www.chateaulafrance.com\\\/en\\\/\",\"url\":\"https:\\\/\\\/www.chateaulafrance.com\\\/en\\\/\",\"name\":\"Ch\u00e2teau La France - Vignoble et r\u00e9ceptions\",\"isPartOf\":{\"@id\":\"https:\\\/\\\/www.chateaulafrance.com\\\/en\\\/#website\"},\"datePublished\":\"2015-04-30T14:03:39+00:00\",\"dateModified\":\"2026-01-16T09:57:18+00:00\",\"breadcrumb\":{\"@id\":\"https:\\\/\\\/www.chateaulafrance.com\\\/en\\\/#breadcrumb\"},\"inLanguage\":\"en-US\",\"potentialAction\":[{\"@type\":\"ReadAction\",\"target\":[[\"https:\\\/\\\/www.chateaulafrance.com\\\/en\\\/\"]]}]},{\"@type\":\"BreadcrumbList\",\"@id\":\"https:\\\/\\\/www.chateaulafrance.com\\\/en\\\/#breadcrumb\",\"itemListElement\":[{\"@type\":\"ListItem\",\"position\":1,\"name\":\"Accueil\",\"item\":\"https:\\\/\\\/www.chateaulafrance.com\\\/en\\\/\"},{\"@type\":\"ListItem\",\"position\":2,\"name\":\"Home\"}]},{\"@type\":\"WebSite\",\"@id\":\"https:\\\/\\\/www.chateaulafrance.com\\\/en\\\/#website\",\"url\":\"https:\\\/\\\/www.chateaulafrance.com\\\/en\\\/\",\"name\":\"Ch\u00e2teau La France\",\"description\":\"Une marque des Vignobles Mottet\",\"potentialAction\":[{\"@type\":\"SearchAction\",\"target\":{\"@type\":\"EntryPoint\",\"urlTemplate\":\"https:\\\/\\\/www.chateaulafrance.com\\\/en\\\/?s={search_term_string}\"},\"query-input\":{\"@type\":\"PropertyValueSpecification\",\"valueRequired\":true,\"valueName\":\"search_term_string\"}}],\"inLanguage\":\"en-US\"}]}<\/script>\n<!-- \/ Yoast SEO plugin. -->","yoast_head_json":{"title":"Ch\u00e2teau La France - Vignoble et r\u00e9ceptions","robots":{"index":"index","follow":"follow","max-snippet":"max-snippet:-1","max-image-preview":"max-image-preview:large","max-video-preview":"max-video-preview:-1"},"canonical":"https:\/\/www.chateaulafrance.com\/en\/","og_locale":"en_US","og_type":"article","og_title":"Ch\u00e2teau La France - Vignoble et r\u00e9ceptions","og_description":"Ch\u00e2teau La France is one of the largest estates in the Bordeaux region, boasting 90 hectares (222 acres) in a single block. 68 hectares of the 78 under production are classified AOC Bordeaux Sup\u00e9rieur rouge (red) and the remaining 10 [&hellip;]","og_url":"https:\/\/www.chateaulafrance.com\/en\/","og_site_name":"Ch\u00e2teau La France","article_modified_time":"2026-01-16T09:57:18+00:00","twitter_card":"summary_large_image","twitter_misc":{"Est. reading time":"1 minute"},"schema":{"@context":"https:\/\/schema.org","@graph":[{"@type":"WebPage","@id":"https:\/\/www.chateaulafrance.com\/en\/","url":"https:\/\/www.chateaulafrance.com\/en\/","name":"Ch\u00e2teau La France - Vignoble et r\u00e9ceptions","isPartOf":{"@id":"https:\/\/www.chateaulafrance.com\/en\/#website"},"datePublished":"2015-04-30T14:03:39+00:00","dateModified":"2026-01-16T09:57:18+00:00","breadcrumb":{"@id":"https:\/\/www.chateaulafrance.com\/en\/#breadcrumb"},"inLanguage":"en-US","potentialAction":[{"@type":"ReadAction","target":[["https:\/\/www.chateaulafrance.com\/en\/"]]}]},{"@type":"BreadcrumbList","@id":"https:\/\/www.chateaulafrance.com\/en\/#breadcrumb","itemListElement":[{"@type":"ListItem","position":1,"name":"Accueil","item":"https:\/\/www.chateaulafrance.com\/en\/"},{"@type":"ListItem","position":2,"name":"Home"}]},{"@type":"WebSite","@id":"https:\/\/www.chateaulafrance.com\/en\/#website","url":"https:\/\/www.chateaulafrance.com\/en\/","name":"Ch\u00e2teau La France","description":"Une marque des Vignobles Mottet","potentialAction":[{"@type":"SearchAction","target":{"@type":"EntryPoint","urlTemplate":"https:\/\/www.chateaulafrance.com\/en\/?s={search_term_string}"},"query-input":{"@type":"PropertyValueSpecification","valueRequired":true,"valueName":"search_term_string"}}],"inLanguage":"en-US"}]}},"_links":{"self":[{"href":"https:\/\/www.chateaulafrance.com\/en\/wp-json\/wp\/v2\/pages\/11","targetHints":{"allow":["GET"]}}],"collection":[{"href":"https:\/\/www.chateaulafrance.com\/en\/wp-json\/wp\/v2\/pages"}],"about":[{"href":"https:\/\/www.chateaulafrance.com\/en\/wp-json\/wp\/v2\/types\/page"}],"author":[{"embeddable":true,"href":"https:\/\/www.chateaulafrance.com\/en\/wp-json\/wp\/v2\/users\/1"}],"replies":[{"embeddable":true,"href":"https:\/\/www.chateaulafrance.com\/en\/wp-json\/wp\/v2\/comments?post=11"}],"version-history":[{"count":28,"href":"https:\/\/www.chateaulafrance.com\/en\/wp-json\/wp\/v2\/pages\/11\/revisions"}],"predecessor-version":[{"id":8594,"href":"https:\/\/www.chateaulafrance.com\/en\/wp-json\/wp\/v2\/pages\/11\/revisions\/8594"}],"wp:attachment":[{"href":"https:\/\/www.chateaulafrance.com\/en\/wp-json\/wp\/v2\/media?parent=11"}],"curies":[{"name":"wp","href":"https:\/\/api.w.org\/{rel}","templated":true}]}}